{"id":1101,"date":"2017-09-20T04:50:23","date_gmt":"2017-09-20T04:50:23","guid":{"rendered":"http:\/\/dentiste-chambly-oise.fr\/index.php\/home\/"},"modified":"2024-11-13T22:49:09","modified_gmt":"2024-11-13T21:49:09","slug":"home","status":"publish","type":"page","link":"https:\/\/dentiste-chambly-oise.fr\/","title":{"rendered":"Home"},"content":{"rendered":"\n\n\t<h1>\n\t\t\t\t\tBienvenue au Cabinet dentaire de Chambly du Dr Serge Boukobza\n\t\t\t\t<\/h1>\n\t\t\t<p>Nous nous engageons \u00e0 offrir \u00e0 nos patients des soins dentaires de qualit\u00e9. Notre \u00e9quipe de professionnels exp\u00e9riment\u00e9s est d\u00e9vou\u00e9e et passionn\u00e9e au service de votre sant\u00e9 dentaire.<br \/><\/p>\n<p>Implantologie, Parodontologie, Orthodontie invisible (goutti\u00e8res d&rsquo;alignement), Reprise de traitement endodontie&#8230;sous microscope.<\/p>\n\t\t\t<a href=\"https:\/\/www.doctolib.fr\/dentiste\/chambly\/serge-boukobza\/booking\/motives?telehealth=false&#038;placeId=practice-203592&#038;specialityId=1\" target=\"_blank\" rel=\"noopener\"class=\"uabb-button uabb-creative-button uabb-creative-default-btn   \"  role=\"button\">\n\t\t\t\t\t\tPrise de rendez-vous en ligne\n\t\t<\/a>\n\t<h2>\n\t\t\t\t\tNotre Cabinet Dentaire situ\u00e9 \u00e0 Chambly dans l&rsquo;Oise\n\t\t\t\t<\/h2>\n\t\t\t<p>Nous nous concentrons sur l&rsquo;\u00e9tablissement d&rsquo;une relation solide avec nos patients et prenons le temps de comprendre leurs besoins et objectifs. Nos domaines d&rsquo;intervention :\u00a0 soins pr\u00e9ventifs, bilans bucco-dentaire, urgence dentaire, pose de proth\u00e8ses dentaires, parodontologie, implantologie, greffe de gencives, greffe osseuse, esth\u00e9tique&#8230;, nous nous engageons \u00e0 vous fournir les meilleurs soins possibles.<\/p>\n\t<ul>\n\t\t<li>\t\t\t\t\n\t\t<h5>Conventionn\u00e9s avec de nombreuses mutuelles<\/h5><p>Prises en charge possibles via les r\u00e9seaux Almerys, Carte Blanche, iSant\u00e9, it\u00e9lis, Sant\u00e9Clair, S\u00e9v\u00e9ane, Kalixia, Viamedis, CCMO&#8230;, renseignez-vous !<\/p><\/li><li>\t\t\t\t\n\t\t<h5>Travail soign\u00e9<\/h5><p>Proth\u00e8ses de qualit\u00e9<\/p><\/li>\t<\/ul>\n\t\t\t<a href=\"#\" target=\"_self\"  role=\"button\">\n\t\t\t\t\t\tLocalisation\n\t\t<\/a>\n\t\t\t\t<img decoding=\"async\" src=\"http:\/\/dentiste-chambly-oise.fr\/wp-content\/uploads\/2020\/07\/about-section-1.jpg\" alt=\"about-section-1\" itemprop=\"image\"\/>\n\t<h2>\n\t\t\t\t\tNouveau Patient\n\t\t\t\t<\/h2>\n\t\t\t<p>Nouveau patient, vous ne trouvez pas de dentistes pour le suivi de vos soins dentaires, notre Cabinet fera le maximum pour r\u00e9pondre favorablement \u00e0 vos demandes.<\/p>\n\t<ul>\n\t\t<li>\t\t\t\t\n\t\t<h6>01 30 34 80 50<\/h6><\/li>\t<\/ul>\n\t<div class=\"wpforms-container \" id=\"wpforms-8\"><form id=\"wpforms-form-8\" class=\"wpforms-validate wpforms-form\" data-formid=\"8\" method=\"post\" enctype=\"multipart\/form-data\" action=\"\/index.php\/wp-json\/wp\/v2\/pages\/1101\" data-token=\"0abb6de2e90a7af99eec38e412a7bc1e\" data-token-time=\"1775301562\"><noscript class=\"wpforms-error-noscript\">Veuillez activer JavaScript dans votre navigateur pour remplir ce formulaire.<\/noscript><div class=\"wpforms-field-container\"><div id=\"wpforms-8-field_0-container\" class=\"wpforms-field wpforms-field-name\" data-field-id=\"0\"><label class=\"wpforms-field-label wpforms-label-hide\" for=\"wpforms-8-field_0\">Nom Pr\u00e9nom <span class=\"wpforms-required-label\">*<\/span><\/label><input type=\"text\" id=\"wpforms-8-field_0\" class=\"wpforms-field-large wpforms-field-required\" name=\"wpforms[fields][0]\" placeholder=\"Nom pr\u00e9nom\" required><\/div><div id=\"wpforms-8-field_1-container\" class=\"wpforms-field wpforms-field-email\" data-field-id=\"1\"><label class=\"wpforms-field-label wpforms-label-hide\" for=\"wpforms-8-field_1\">Email <span class=\"wpforms-required-label\">*<\/span><\/label><input type=\"email\" id=\"wpforms-8-field_1\" class=\"wpforms-field-large wpforms-field-required\" name=\"wpforms[fields][1]\" placeholder=\"Email\" spellcheck=\"false\" required><\/div><div id=\"wpforms-8-field_3-container\" class=\"wpforms-field wpforms-field-text\" data-field-id=\"3\"><label class=\"wpforms-field-label wpforms-label-hide\" for=\"wpforms-8-field_3\">T\u00e9l\u00e9phone <span class=\"wpforms-required-label\">*<\/span><\/label><input type=\"text\" id=\"wpforms-8-field_3\" class=\"wpforms-field-large wpforms-field-required\" name=\"wpforms[fields][3]\" placeholder=\"T\u00e9l\u00e9phone\" required><\/div><\/div><!-- .wpforms-field-container --><div class=\"wpforms-field wpforms-field-hp\"><label for=\"wpforms-8-field-hp\" class=\"wpforms-field-label\">Website<\/label><input type=\"text\" name=\"wpforms[hp]\" id=\"wpforms-8-field-hp\" class=\"wpforms-field-medium\"><\/div><div class=\"wpforms-submit-container\" ><input type=\"hidden\" name=\"wpforms[id]\" value=\"8\"><input type=\"hidden\" name=\"page_title\" value=\"\"><input type=\"hidden\" name=\"page_url\" value=\"https:\/\/dentiste-chambly-oise.fr\/index.php\/wp-json\/wp\/v2\/pages\/1101\"><button type=\"submit\" name=\"wpforms[submit]\" id=\"wpforms-submit-8\" class=\"wpforms-submit\" data-alt-text=\"Envoi en cours\" data-submit-text=\"Envoyez\" aria-live=\"assertive\" value=\"wpforms-submit\">Envoyez<\/button><\/div><\/form><\/div>  <!-- .wpforms-container -->\n\t\t\t\t<img decoding=\"async\" src=\"http:\/\/dentiste-chambly-oise.fr\/wp-content\/uploads\/2020\/07\/dental-equipment.jpg\" alt=\"dental-equipment\" itemprop=\"image\"\/>\n\t<h2>\n\t\t\t\t\tEngag\u00e9 envers l&rsquo;excellence dentaire\n\t\t\t\t<\/h2>\n\t<h5>\n\t\t\t\t\tSant\u00e9 dentaire et esth\u00e9tique\n\t\t\t\t<\/h5>\n\t\t\t<p>La sant\u00e9 dentaire est primordiale. De nombreuses \u00e9tudes montrent l&rsquo;importance d&rsquo;une bonne dentition car elle impacte d&rsquo;autres organes du corps. Le corps humain est une machine complexe ou rien n&rsquo;a \u00e9t\u00e9 laiss\u00e9 au hasard.<\/p>\n\t<p>Perte osseuse, d\u00e9chaussement, sensibilit\u00e9, saignement&#8230; Parlez-en \u00e0 votre dentiste.<\/p>\n\t<h5>\n\t\t\t\t\tDr Serge Boukobza\n\t\t\t\t<\/h5>\n\t\t\t<p>Chirurgien dentiste dipl\u00f4m\u00e9 de la facult\u00e9 Paris VII.<\/p>\n<p>Implantologue &#8211; Parodontologue<\/p>\n<h4>\u00a0<\/h4>\n<h4>Travaux et publications<\/h4>\n<p>le blanchiment dentaire &#8211; Th\u00e8se<\/p>\n\t<h2>\n\t\t\t\t\tTr\u00e8s large champs d&rsquo;intervention dentaire\n\t\t\t\t<\/h2>\n\t\t\t<p>Prenez soin de vos dents et redonner vie \u00e0 votre sourire<\/p>\n\t\t\t\t<img decoding=\"async\" src=\"http:\/\/dentiste-chambly-oise.fr\/wp-content\/uploads\/2021\/03\/injection.png\" alt=\"injection\" itemprop=\"image\"\/>\n\t<h5>\n\t\t\t\t\tDentist\u200bes exp\u00e9riment\u00e9s\n\t\t\t\t<\/h5>\n\t\t\t<p>&#8211; Soins dentaires classiques : caries, d\u00e9tartrage&#8230;<\/p>\n<p>&#8211; Proth\u00e8ses fixes et amovibles,<\/p>\n<p>&#8211; Soins de parodontie,<\/p>\n<p>&#8211; Implantologie,<\/p>\n<p>&#8211; Greffe osseuse, greffe de gencives&#8230;<\/p>\n\t\t\t\t<img decoding=\"async\" src=\"https:\/\/dentiste-chambly-oise.fr\/wp-content\/uploads\/2021\/03\/dental-icon.png\" alt=\"dental-icon\" itemprop=\"image\"\/>\n\t<h5>\n\t\t\t\t\tOrthodontie invisible (goutti\u00e8res d&rsquo;alignement)\n\t\t\t\t<\/h5>\n\t\t\t<p>Alignement des dents par goutti\u00e8res pour\u00a0 adultes\u00a0<\/p>\n\t\t\t\t<img decoding=\"async\" src=\"http:\/\/dentiste-chambly-oise.fr\/wp-content\/uploads\/2021\/03\/tooth.png\" alt=\"tooth\" itemprop=\"image\"\/>\n\t<h5>\n\t\t\t\t\tImagerie dentaire\n\t\t\t\t<\/h5>\n\t\t\t<p>Panoramique dentaire, Scanner 3d,<\/p>\n<p>Empreintes num\u00e9riques, Microscope<\/p>\n\t\t\t\t<img decoding=\"async\" src=\"http:\/\/dentiste-chambly-oise.fr\/wp-content\/uploads\/2021\/03\/building.png\" alt=\"building\" itemprop=\"image\"\/>\n\t<h5>\n\t\t\t\t\t\u00c9quipement moderne \n\t\t\t\t<\/h5>\n\t\t\t<p>Cabinet dentaire tr\u00e8s bien \u00e9quip\u00e9.<\/p>\n\t<h2>\n\t\t\t\t\tToute la dentisterie\n\t\t\t\t<\/h2>\n\t\t\tNous couvrons tous vos besoins dentaires\n\t<h5>\n\t\t\t\t\t01.\n\t\t\t\t<\/h5>\n\t<h5>\n\t\t\t\t\tPanoramique dentaire\n\t\t\t\t<\/h5>\n\t\t\t<p>Plus besoin de vous d\u00e9placer dans un centre de radiologie, votre cabinet dentaire est \u00e9quip\u00e9 d&rsquo;une technologie de pointe (X-trium par Acteon).<\/p>\n\t<h5>\n\t\t\t\t\t02.\n\t\t\t\t<\/h5>\n\t<h5>\n\t\t\t\t\tOrthodontie invisible adultes\n\t\t\t\t<\/h5>\n\t\t\t<p>Alignement par goutti\u00e8res d&rsquo;alignement pour adultes.<\/p>\n\t<h5>\n\t\t\t\t\t03.\n\t\t\t\t<\/h5>\n\t<h5>\n\t\t\t\t\tDentisterie cosm\u00e9tique\n\t\t\t\t<\/h5>\n\t\t\t<p>Blanchiment, facettes, traitement des rides.\u200b<\/p>\n\t<h5>\n\t\t\t\t\t04.\n\t\t\t\t<\/h5>\n\t<h5>\n\t\t\t\t\tMaladie parodontale\n\t\t\t\t<\/h5>\n\t\t\t<p>Prenez-vous en main, renseignez-vous sur les soins de parodontologie.\u200b<\/p>\n\t<h5>\n\t\t\t\t\t05.\n\t\t\t\t<\/h5>\n\t<h5>\n\t\t\t\t\tCanaux radiculaires\n\t\t\t\t<\/h5>\n\t\t\t<p>Traitement et reprise de traitement de racines sous microscope.<\/p>\n\t<h5>\n\t\t\t\t\t06.\n\t\t\t\t<\/h5>\n\t<h5>\n\t\t\t\t\tExtractions\n\t\t\t\t<\/h5>\n\t\t\t<p>Votre dentiste fera tout pour sauver votre dent.\u200b En cas de n\u00e9cessit\u00e9, l&rsquo;extraction sera envisag\u00e9e.<\/p>\n\t<h5>\n\t\t\t\t\t07.\n\t\t\t\t<\/h5>\n\t<h5>\n\t\t\t\t\tBlanchiment des dents \n\t\t\t\t<\/h5>\n\t\t\t<p>Pour un sourire \u00e9clatant, le blanchiment dentaire peut \u00eatre r\u00e9alis\u00e9.\u200b<\/p>\n\t<h5>\n\t\t\t\t\t08.\n\t\t\t\t<\/h5>\n\t<h5>\n\t\t\t\t\tImplantologie\n\t\t\t\t<\/h5>\n\t\t\t<p>Pose d&rsquo;implants, greffe osseuse.\u200b<\/p>\n\t<ul>\n\t\t<li>\t\t\t\t\n\t\t<h6>Contact<\/h6><\/li>\t<\/ul>\n\t<h3>\n\t\t\t\t\t01 30 34 80 50\n\t\t\t\t<\/h3>\n\t<h5>\n\t\t\t\t\tCabinet tr\u00e8s bien \u00e9quip\u00e9\n\t\t\t\t<\/h5>\n\t<h2>\n\t\t\t\t\tPanoramique 3D\n\t\t\t\t<\/h2>\n\t<h2>\n\t\t\t\t\tEmpreintes num\u00e9riques\n\t\t\t\t<\/h2>\n\t\t\t<a href=\"https:\/\/www.doctolib.fr\/dentiste\/chambly\/serge-boukobza\/booking\/motives?telehealth=false&#038;placeId=practice-203592&#038;specialityId=1\" target=\"_blank\" rel=\"noopener\"class=\"uabb-button uabb-creative-button uabb-creative-default-btn   \"  role=\"button\">\n\t\t\t\t\t\tPrendre RDV  Doctolib\n\t\t<\/a>\n\t<h2>\n\t\t\t\t\tAvis\n\t\t\t\t<\/h2>\n\t\t\t<p>T\u00e9moignages de patients que nous remercions pour leur confiance<\/p>\n\t<p>Efficace, pragmatique bienveillant \ud83d\udc4d\ud83c\udffe<\/p>\n\t<ul>\n\t\t<li>\t\t\n\t\t\t\t<img decoding=\"async\" src=\"https:\/\/dentiste-chambly-oise.fr\/wp-content\/uploads\/bb-plugin\/cache\/testimonial-circle.jpg\" alt=\"testimonial\" itemprop=\"image\"\/>\n\t\t<h6>LD<\/h6><\/li>\t<\/ul>\n\t<p>Le personnel est agr\u00e9able et l&rsquo;intervention r\u00e9alis\u00e9e de bonne qualit\u00e9.<\/p>\n\t<ul>\n\t\t<li>\t\t\n\t\t\t\t<img decoding=\"async\" src=\"https:\/\/dentiste-chambly-oise.fr\/wp-content\/uploads\/bb-plugin\/cache\/testimonial2-circle.jpg\" alt=\"testimonial2\" itemprop=\"image\"\/>\n\t\t<h6>MLC<\/h6><\/li>\t<\/ul>\n\t<p>Vraiment au top!!! Aucune attente le personnel est super. J&rsquo;avais tr\u00e8s peur d&rsquo;y aller et je suis sorti heureux. Du tr\u00e8s bon travail merci a toute l&rsquo;\u00e9quipe.<\/p>\n\t<ul>\n\t\t<li>\t\t\n\t\t\t\t<img decoding=\"async\" src=\"https:\/\/dentiste-chambly-oise.fr\/wp-content\/uploads\/bb-plugin\/cache\/service-4-circle.jpg\" alt=\"service-4\" itemprop=\"image\"\/>\n\t\t<h6>CW<\/h6><\/li>\t<\/ul>\n\t<p>Bonjour, Je suis venu dans ce cabinet pour la premi\u00e8re fois, pour une urgence dentaire. J&rsquo;ai \u00e9t\u00e9 tr\u00e8s bien accueilli et tr\u00e8s bien soign\u00e9e. Je recommande vivement.<\/p>\n\t<ul>\n\t\t<li>\t\t\n\t\t\t\t<img decoding=\"async\" src=\"https:\/\/dentiste-chambly-oise.fr\/wp-content\/uploads\/bb-plugin\/cache\/testimonial2-circle.jpg\" alt=\"testimonial2\" itemprop=\"image\"\/>\n\t\t<h6>SB<\/h6><\/li>\t<\/ul>\n\t<p>Le Docteur Boukobza est un professionnel, patient depuis de nombreuses ann\u00e9es, je conseille cet implantologue , tr\u00e8s qualifi\u00e9 dans le domaine. Un avis est personnel ,il faut approfondir le contexte et relativiser certaines choses.<\/p>\n\t<ul>\n\t\t<li>\t\t\n\t\t\t\t<img decoding=\"async\" src=\"https:\/\/dentiste-chambly-oise.fr\/wp-content\/uploads\/bb-plugin\/cache\/testimonial-circle.jpg\" alt=\"testimonial\" itemprop=\"image\"\/>\n\t\t<h6>JC G<\/h6><\/li>\t<\/ul>\n\t<h2>\n\t\t\t\t\tNous trouver\n\t\t\t\t<\/h2>\n\t\t\t<p>Parking devant le Cabinet sur la Place<\/p>\n<p>\u00a0<\/p>\n\t\t\t<a href=\"https:\/\/www.google.com\/maps\/place\/101+Pl.+Charles+de+Gaulle,+60230+Chambly\/@49.1664526,2.248044,17z\/data=!3m1!4b1!4m6!3m5!1s0x47e65a65d39ed449:0x79fe19351d41030b!8m2!3d49.1664526!4d2.248044!16s%2Fg%2F11bw50bfsy?entry=ttu\" target=\"_blank\" rel=\"noopener\"class=\"uabb-button uabb-creative-button uabb-creative-default-btn   \"  role=\"button\">\n\t\t\t\t\t\tView On Google Map\n\t\t<\/a>\n\t<ul>\n\t\t<li>\t\t\t\t\n\t\t<h4>Adresse<\/h4><p>101 Place Charles de Gaulle60230 Chambly<\/p><\/li>\t<\/ul>\n\t<ul>\n\t\t<li>\t\t\t\t\n\t\t<h4>T\u00e9l\u00e9phone<\/h4><p>01 30 34 80 50<\/p><\/li>\t<\/ul>\n\t<ul>\n\t\t<li>\t\t\t\t\n\t\t<h4>Email<\/h4><\/li>\t<\/ul>\n\t<h3>\n\t\t\t\t\tFormulaire de contact\n\t\t\t\t<\/h3>\n\t<div class=\"wpforms-container \" id=\"wpforms-10\"><form id=\"wpforms-form-10\" class=\"wpforms-validate wpforms-form\" data-formid=\"10\" method=\"post\" enctype=\"multipart\/form-data\" action=\"\/index.php\/wp-json\/wp\/v2\/pages\/1101\" data-token=\"7c966a9f2a55a81b4cd1c31180ea2318\" data-token-time=\"1775301562\"><noscript class=\"wpforms-error-noscript\">Veuillez activer JavaScript dans votre navigateur pour remplir ce formulaire.<\/noscript><div class=\"wpforms-field-container\"><div id=\"wpforms-10-field_0-container\" class=\"wpforms-field wpforms-field-name\" data-field-id=\"0\"><label class=\"wpforms-field-label wpforms-label-hide\" for=\"wpforms-10-field_0\">Name<\/label><input type=\"text\" id=\"wpforms-10-field_0\" class=\"wpforms-field-large\" name=\"wpforms[fields][0]\" placeholder=\"Your Name\" ><\/div><div id=\"wpforms-10-field_1-container\" class=\"wpforms-field wpforms-field-email\" data-field-id=\"1\"><label class=\"wpforms-field-label wpforms-label-hide\" for=\"wpforms-10-field_1\">Email <span class=\"wpforms-required-label\">*<\/span><\/label><input type=\"email\" id=\"wpforms-10-field_1\" class=\"wpforms-field-large wpforms-field-required\" name=\"wpforms[fields][1]\" placeholder=\"Your Email\" spellcheck=\"false\" required><\/div><div id=\"wpforms-10-field_3-container\" class=\"wpforms-field wpforms-field-text\" data-field-id=\"3\"><label class=\"wpforms-field-label wpforms-label-hide\" for=\"wpforms-10-field_3\">Your Phone Number<\/label><input type=\"text\" id=\"wpforms-10-field_3\" class=\"wpforms-field-large\" name=\"wpforms[fields][3]\" placeholder=\"Your Phone Number\" ><\/div><div id=\"wpforms-10-field_2-container\" class=\"wpforms-field wpforms-field-textarea\" data-field-id=\"2\"><label class=\"wpforms-field-label wpforms-label-hide\" for=\"wpforms-10-field_2\">Comment or Message <span class=\"wpforms-required-label\">*<\/span><\/label><textarea id=\"wpforms-10-field_2\" class=\"wpforms-field-large wpforms-field-required\" name=\"wpforms[fields][2]\" placeholder=\"Message\" required><\/textarea><\/div><\/div><!-- .wpforms-field-container --><div class=\"wpforms-field wpforms-field-hp\"><label for=\"wpforms-10-field-hp\" class=\"wpforms-field-label\">Website<\/label><input type=\"text\" name=\"wpforms[hp]\" id=\"wpforms-10-field-hp\" class=\"wpforms-field-medium\"><\/div><div class=\"wpforms-submit-container\" ><input type=\"hidden\" name=\"wpforms[id]\" value=\"10\"><input type=\"hidden\" name=\"page_title\" value=\"\"><input type=\"hidden\" name=\"page_url\" value=\"https:\/\/dentiste-chambly-oise.fr\/index.php\/wp-json\/wp\/v2\/pages\/1101\"><button type=\"submit\" name=\"wpforms[submit]\" id=\"wpforms-submit-10\" class=\"wpforms-submit\" data-alt-text=\"Sending...\" data-submit-text=\"Send Request\" aria-live=\"assertive\" value=\"wpforms-submit\">Send Request<\/button><\/div><\/form><\/div>  <!-- .wpforms-container -->\n\tChampagne-sur-Oise<br \/>\n3,5\u00a0km<img decoding=\"async\" src=\"https:\/\/www.villorama.com\/images\/habillage\/directions\/S.gif\" alt=\"S\" \/>\n<table id=\"communesProches\">\n<thead>\n<tr>\n\n\n<th colspan=\"2\">Distance<\/th>\n<\/tr>\n<\/thead>\n<tbody>\n<tr>\n<td>Ronquerolles<\/td>\n\n<td>1,7\u00a0km<\/td>\n<td><img decoding=\"async\" src=\"https:\/\/www.villorama.com\/images\/habillage\/directions\/O.gif\" alt=\"O\" \/><\/td>\n<\/tr>\n<tr>\n<td>Persan<\/td>\n\n<td>2,2\u00a0km<\/td>\n<td><img decoding=\"async\" src=\"https:\/\/www.villorama.com\/images\/habillage\/directions\/SE.gif\" alt=\"SE\" \/><\/td>\n<\/tr>\n<tr>\n<td>Le Mesnil-en-Thelle<\/td>\n\n<td>3,0 km<\/td>\n<td><img decoding=\"async\" src=\"https:\/\/www.villorama.com\/images\/habillage\/directions\/NE.gif\" alt=\"NE\" \/><\/td>\n<\/tr>\n<tr>\n<td>Belle-\u00c9glise<\/td>\n\n<td>3,6\u00a0km<\/td>\n<td><img decoding=\"async\" src=\"https:\/\/www.villorama.com\/images\/habillage\/directions\/NO.gif\" alt=\"NO\" \/><\/td>\n<\/tr>\n<tr>\n<td>Bernes-sur-Oise<\/td>\n\n<td>3,9\u00a0km<\/td>\n<td><img decoding=\"async\" src=\"https:\/\/www.villorama.com\/images\/habillage\/directions\/E.gif\" alt=\"E\" \/><\/td>\n<\/tr>\n<tr>\n<td>Beaumont-sur-Oise<\/td>\n\n<td>3,9 km<\/td>\n<td><img decoding=\"async\" src=\"https:\/\/www.villorama.com\/images\/habillage\/directions\/SE.gif\" alt=\"SE\" \/><\/td>\n<\/tr>\n<tr>\n<td>Mours<\/td>\n\n<td>4,0 km<\/td>\n<td><img decoding=\"async\" src=\"https:\/\/www.villorama.com\/images\/habillage\/directions\/SE.gif\" alt=\"SE\" \/><\/td>\n<\/tr>\n<tr>\n<td>Fresnoy-en-Thelle<\/td>\n\n<td>4,1\u00a0km<\/td>\n<td><img decoding=\"async\" src=\"https:\/\/www.villorama.com\/images\/habillage\/directions\/NE.gif\" alt=\"NE\" \/><\/td>\n<\/tr>\n<tr>\n<td>Bornel<\/td>\n\n<td>4,5 km<\/td>\n<td><img decoding=\"async\" src=\"https:\/\/www.villorama.com\/images\/habillage\/directions\/NE.gif\" alt=\"NE\" \/><\/td>\n<\/tr>\n<tr>\n<td>Meru<\/td>\n\n<td>13,3\u00a0km<\/td>\n<td><img decoding=\"async\" src=\"https:\/\/www.villorama.com\/images\/habillage\/directions\/SE.gif\" alt=\"SE\" \/><\/td>\n<\/tr>\n<\/tbody>\n<\/table>\n\t<iframe src=\"https:\/\/www.google.com\/maps\/embed?pb=!1m18!1m12!1m3!1d2608.7974574126624!2d2.2480439999999997!3d49.1664526!2m3!1f0!2f0!3f0!3m2!1i1024!2i768!4f13.1!3m3!1m2!1s0x47e65a65d39ed449%3A0x79fe19351d41030b!2s101%20Pl.%20Charles%20de%20Gaulle%2C%2060230%20Chambly!5e0!3m2!1sfr!2sfr!4v1698315594367!5m2!1sfr!2sfr\" width=\"600\" height=\"450\" allowfullscreen=\"\" loading=\"lazy\" referrerpolicy=\"no-referrer-when-downgrade\"><\/iframe><a href=\"https:\/\/www.whatismyip-address.com\/divi-discount\/\">elegant themes coupon<\/a><style>.mapouter{position:relative;text-align:right;height:655px;width:600px;}.gmap_canvas {overflow:hidden;background:none!important;height:655px;width:600px;}<\/style>\n\n","protected":false},"excerpt":{"rendered":"<p>Bienvenue au Cabinet dentaire de Chambly du Dr Serge Boukobza Nous nous engageons \u00e0 offrir \u00e0 nos patients des soins dentaires de qualit\u00e9. Notre \u00e9quipe de professionnels exp\u00e9riment\u00e9s est d\u00e9vou\u00e9e et passionn\u00e9e au service de votre sant\u00e9 dentaire. Implantologie, Parodontologie, Orthodontie invisible (goutti\u00e8res d&rsquo;alignement), Reprise de traitement endodontie&#8230;sous microscope. Prise de rendez-vous en ligne Notre [&hellip;]<\/p>\n","protected":false},"author":1,"featured_media":0,"parent":0,"menu_order":0,"comment_status":"closed","ping_status":"closed","template":"","meta":{"site-sidebar-layout":"no-sidebar","site-content-layout":"page-builder","ast-site-content-layout":"full-width-container","site-content-style":"unboxed","site-sidebar-style":"unboxed","ast-global-header-display":"","ast-banner-title-visibility":"","ast-main-header-display":"","ast-hfb-above-header-display":"","ast-hfb-below-header-display":"","ast-hfb-mobile-header-display":"","site-post-title":"disabled","ast-breadcrumbs-content":"","ast-featured-img":"disabled","footer-sml-layout":"","theme-transparent-header-meta":"enabled","adv-header-id-meta":"","stick-header-meta":"","header-above-stick-meta":"","header-main-stick-meta":"","header-below-stick-meta":"","astra-migrate-meta-layouts":"set","ast-page-background-enabled":"default","ast-page-background-meta":{"desktop":{"background-color":"","background-image":"","background-repeat":"repeat","background-position":"center center","background-size":"auto","background-attachment":"scroll","background-type":"","background-media":"","overlay-type":"","overlay-color":"","overlay-opacity":"","overlay-gradient":""},"tablet":{"background-color":"","background-image":"","background-repeat":"repeat","background-position":"center center","background-size":"auto","background-attachment":"scroll","background-type":"","background-media":"","overlay-type":"","overlay-color":"","overlay-opacity":"","overlay-gradient":""},"mobile":{"background-color":"","background-image":"","background-repeat":"repeat","background-position":"center center","background-size":"auto","background-attachment":"scroll","background-type":"","background-media":"","overlay-type":"","overlay-color":"","overlay-opacity":"","overlay-gradient":""}},"ast-content-background-meta":{"desktop":{"background-color":"var(--ast-global-color-5)","background-image":"","background-repeat":"repeat","background-position":"center center","background-size":"auto","background-attachment":"scroll","background-type":"","background-media":"","overlay-type":"","overlay-color":"","overlay-opacity":"","overlay-gradient":""},"tablet":{"background-color":"var(--ast-global-color-5)","background-image":"","background-repeat":"repeat","background-position":"center center","background-size":"auto","background-attachment":"scroll","background-type":"","background-media":"","overlay-type":"","overlay-color":"","overlay-opacity":"","overlay-gradient":""},"mobile":{"background-color":"var(--ast-global-color-5)","background-image":"","background-repeat":"repeat","background-position":"center center","background-size":"auto","background-attachment":"scroll","background-type":"","background-media":"","overlay-type":"","overlay-color":"","overlay-opacity":"","overlay-gradient":""}},"footnotes":""},"class_list":["post-1101","page","type-page","status-publish","hentry"],"_links":{"self":[{"href":"https:\/\/dentiste-chambly-oise.fr\/index.php\/wp-json\/wp\/v2\/pages\/1101","targetHints":{"allow":["GET"]}}],"collection":[{"href":"https:\/\/dentiste-chambly-oise.fr\/index.php\/wp-json\/wp\/v2\/pages"}],"about":[{"href":"https:\/\/dentiste-chambly-oise.fr\/index.php\/wp-json\/wp\/v2\/types\/page"}],"author":[{"embeddable":true,"href":"https:\/\/dentiste-chambly-oise.fr\/index.php\/wp-json\/wp\/v2\/users\/1"}],"replies":[{"embeddable":true,"href":"https:\/\/dentiste-chambly-oise.fr\/index.php\/wp-json\/wp\/v2\/comments?post=1101"}],"version-history":[{"count":42,"href":"https:\/\/dentiste-chambly-oise.fr\/index.php\/wp-json\/wp\/v2\/pages\/1101\/revisions"}],"predecessor-version":[{"id":1285,"href":"https:\/\/dentiste-chambly-oise.fr\/index.php\/wp-json\/wp\/v2\/pages\/1101\/revisions\/1285"}],"wp:attachment":[{"href":"https:\/\/dentiste-chambly-oise.fr\/index.php\/wp-json\/wp\/v2\/media?parent=1101"}],"curies":[{"name":"wp","href":"https:\/\/api.w.org\/{rel}","templated":true}]}}